{"id":4478,"date":"2018-08-08T11:04:26","date_gmt":"2018-08-08T11:04:26","guid":{"rendered":"https:\/\/beefgeneve.ch\/le-concept\/"},"modified":"2021-10-15T09:22:51","modified_gmt":"2021-10-15T09:22:51","slug":"le-concept","status":"publish","type":"page","link":"https:\/\/beefgeneve.ch\/en\/le-concept\/","title":{"rendered":"Concept"},"content":{"rendered":"<p>[vc_row content_placement=&#8221;top&#8221; enable_parallax_background_elements=&#8221;yes&#8221; right_parallax_background_element=&#8221;762&#8243;][vc_column][vc_row_inner content_placement=&#8221;middle&#8221; row_content_width=&#8221;grid&#8221; css=&#8221;.vc_custom_1535380918653{padding-bottom: 40px !important;}&#8221;][vc_column_inner offset=&#8221;vc_col-lg-6 vc_col-md-12&#8243;]<div class=\"mkdf-section-title-holder  mkdf-st-standard mkdf-st-title-left mkdf-st-normal-space \" style=\"padding:0 0 15% 0;text-align: left\">\n\t<div class=\"mkdf-st-inner\">\n\t\t\t\t\t<h2 class=\"mkdf-st-title\" >\n\t\t\t\tThe<br \/> BEEF experience<br \/>\t\t\t<\/h2>\n\t\t    <span class=\"mkdf-st-line\" style=\"margin: 50px 9% 0 14%; height: 120px; background-color: #000000\"><\/span>\n    <div class=\"mkdf-st-text\" style=\"margin-top: 45px;padding-right: 40px\">\n        &#8220;There is something noble about exceptional meat, perhaps the respect for the animal, the touch of the flesh and the one who raises it&#8230;&#8221;<\/p>\n<p>At BEEF, in addition to a unique selection of exceptional meats, we use a &#8220;Josper&#8221; oven with vegetal coal, an elegant combination between a BBQ and an oven, which enhances the taste of our meats carefully selected. It becomes even more tasty, soft, tender, many adjectives that cannot describe the exact characteristics of the cooking on the embers. You have to taste to understand this quality and the uniqueness of this cooking method.    <\/div>\n\t<\/div>\n<\/div>[vc_empty_space height=&#8221;100px&#8221;][\/vc_column_inner][vc_column_inner offset=&#8221;vc_col-lg-6 vc_col-md-12&#8243; css=&#8221;.vc_custom_1535446084271{padding-right: 0px !important;padding-left: 0px !important;}&#8221;]<div class=\"mkdf-single-image-holder    \" >\n    <div class=\"mkdf-si-inner\" >\n                                    <img loading=\"lazy\" decoding=\"async\" width=\"800\" height=\"600\" src=\"https:\/\/beefgeneve.ch\/wp-content\/uploads\/2021\/08\/beef_website_concept_photo_1.jpg\" class=\"attachment-full size-full\" alt=\"Restaurant de viande de boeuf\" srcset=\"https:\/\/beefgeneve.ch\/wp-content\/uploads\/2021\/08\/beef_website_concept_photo_1.jpg 800w, https:\/\/beefgeneve.ch\/wp-content\/uploads\/2021\/08\/beef_website_concept_photo_1-300x225.jpg 300w, https:\/\/beefgeneve.ch\/wp-content\/uploads\/2021\/08\/beef_website_concept_photo_1-768x576.jpg 768w, https:\/\/beefgeneve.ch\/wp-content\/uploads\/2021\/08\/beef_website_concept_photo_1-200x150.jpg 200w\" sizes=\"auto, (max-width: 800px) 100vw, 800px\" \/>                        <\/div>\n<\/div>[\/vc_column_inner][\/vc_row_inner][vc_row_inner row_content_width=&#8221;grid&#8221; css=&#8221;.vc_custom_1534240845257{padding-bottom: 30px !important;}&#8221;][vc_column_inner offset=&#8221;vc_col-lg-offset-1 vc_col-lg-10&#8243; css=&#8221;.vc_custom_1534234226432{padding-right: 0px !important;padding-left: 0px !important;}&#8221;]<div class=\"mkdf-single-image-holder   mkdf-image-behavior-custom-link \" >\n    <div class=\"mkdf-si-inner\" >\n        \t            <a itemprop=\"url\" href=\"https:\/\/attika.qodeinteractive.com\/portfolio-item\/seasoning-time\/\" target=\"_self\" rel=\"noopener\">\n                                    <img loading=\"lazy\" decoding=\"async\" width=\"1300\" height=\"610\" src=\"https:\/\/beefgeneve.ch\/wp-content\/uploads\/2021\/06\/beef_website_concept_photo_2.jpg\" class=\"attachment-full size-full\" alt=\"Restaurant de viande de boeuf \u00e0 Gen\u00e8ve, chef en action\" srcset=\"https:\/\/beefgeneve.ch\/wp-content\/uploads\/2021\/06\/beef_website_concept_photo_2.jpg 1300w, https:\/\/beefgeneve.ch\/wp-content\/uploads\/2021\/06\/beef_website_concept_photo_2-300x141.jpg 300w, https:\/\/beefgeneve.ch\/wp-content\/uploads\/2021\/06\/beef_website_concept_photo_2-1024x480.jpg 1024w, https:\/\/beefgeneve.ch\/wp-content\/uploads\/2021\/06\/beef_website_concept_photo_2-768x360.jpg 768w, https:\/\/beefgeneve.ch\/wp-content\/uploads\/2021\/06\/beef_website_concept_photo_2-200x94.jpg 200w\" sizes=\"auto, (max-width: 1300px) 100vw, 1300px\" \/>                                <\/a>\n            <\/div>\n<\/div>[\/vc_column_inner][\/vc_row_inner][vc_row_inner equal_height=&#8221;yes&#8221; row_content_width=&#8221;grid&#8221; css=&#8221;.vc_custom_1624876177487{margin-bottom: 0px !important;border-bottom-width: 0px !important;padding-bottom: 0px !important;}&#8221;][vc_column_inner width=&#8221;1\/12&#8243; offset=&#8221;vc_col-lg-1 vc_hidden-md vc_hidden-sm vc_hidden-xs&#8221;][\/vc_column_inner][vc_column_inner css=&#8221;.vc_custom_1624876072040{margin-bottom: 0px !important;padding-right: 0px !important;padding-bottom: 0px !important;padding-left: 0px !important;}&#8221; offset=&#8221;vc_col-lg-10 vc_col-md-12 vc_col-xs-12&#8243;]<div class=\"mkdf-image-gallery mkdf-grid-list mkdf-grid-masonry-list mkdf-disable-bottom-space  mkdf-ig-masonry-type mkdf-two-columns mkdf-normal-space  \">\n\t<div class=\"mkdf-ig-inner mkdf-outer-space mkdf-masonry-list-wrapper\">\n\t\t<div class=\"mkdf-masonry-grid-sizer\"><\/div>\n\t\t<div class=\"mkdf-masonry-grid-gutter\"><\/div>\n\t\t\t\t\t\t\t\t<div class=\"mkdf-ig-image mkdf-item-space \">\n\t\t\t\t<div class=\"mkdf-ig-image-inner\">\n\t\t\t\t\t\t\t\t\t\t\t<img loading=\"lazy\" decoding=\"async\" width=\"498\" height=\"735\" src=\"https:\/\/beefgeneve.ch\/wp-content\/uploads\/2021\/08\/beef_website_concept_photo_3.jpeg\" class=\"attachment-full size-full\" alt=\"Restaurant de viande de boeuf \u00e0 Gen\u00e8ve, pi\u00e8ce de viande d&#039;exception\" srcset=\"https:\/\/beefgeneve.ch\/wp-content\/uploads\/2021\/08\/beef_website_concept_photo_3.jpeg 498w, https:\/\/beefgeneve.ch\/wp-content\/uploads\/2021\/08\/beef_website_concept_photo_3-203x300.jpeg 203w, https:\/\/beefgeneve.ch\/wp-content\/uploads\/2021\/08\/beef_website_concept_photo_3-136x200.jpeg 136w\" sizes=\"auto, (max-width: 498px) 100vw, 498px\" \/>\t\t\t\t\t\t\t\t\t<\/div>\n\t\t\t<\/div>\n\t\t\t\t\t\t\t\t<div class=\"mkdf-ig-image mkdf-item-space \">\n\t\t\t\t<div class=\"mkdf-ig-image-inner\">\n\t\t\t\t\t\t\t\t\t\t\t<img loading=\"lazy\" decoding=\"async\" width=\"1058\" height=\"800\" src=\"https:\/\/beefgeneve.ch\/wp-content\/uploads\/2021\/09\/beef_website_concept_photo_4.jpg\" class=\"attachment-full size-full\" alt=\"Restaurant de viande de boeuf \u00e0 Gen\u00e8ve, entr\u00e9e aux c\u00e8pes\" srcset=\"https:\/\/beefgeneve.ch\/wp-content\/uploads\/2021\/09\/beef_website_concept_photo_4.jpg 1058w, https:\/\/beefgeneve.ch\/wp-content\/uploads\/2021\/09\/beef_website_concept_photo_4-300x227.jpg 300w, https:\/\/beefgeneve.ch\/wp-content\/uploads\/2021\/09\/beef_website_concept_photo_4-1024x774.jpg 1024w, https:\/\/beefgeneve.ch\/wp-content\/uploads\/2021\/09\/beef_website_concept_photo_4-768x581.jpg 768w, https:\/\/beefgeneve.ch\/wp-content\/uploads\/2021\/09\/beef_website_concept_photo_4-200x151.jpg 200w\" sizes=\"auto, (max-width: 1058px) 100vw, 1058px\" \/>\t\t\t\t\t\t\t\t\t<\/div>\n\t\t\t<\/div>\n\t\t\t\t\t\t\t\t<div class=\"mkdf-ig-image mkdf-item-space \">\n\t\t\t\t<div class=\"mkdf-ig-image-inner\">\n\t\t\t\t\t\t\t\t\t\t\t<img loading=\"lazy\" decoding=\"async\" width=\"1058\" height=\"700\" src=\"https:\/\/beefgeneve.ch\/wp-content\/uploads\/2021\/08\/beef_website_concept_photo_5.jpg\" class=\"attachment-full size-full\" alt=\"Restaurant de viande de boeuf \u00e0 Gen\u00e8ve, recette ravioli de Boeuf\" srcset=\"https:\/\/beefgeneve.ch\/wp-content\/uploads\/2021\/08\/beef_website_concept_photo_5.jpg 1058w, https:\/\/beefgeneve.ch\/wp-content\/uploads\/2021\/08\/beef_website_concept_photo_5-300x198.jpg 300w, https:\/\/beefgeneve.ch\/wp-content\/uploads\/2021\/08\/beef_website_concept_photo_5-1024x678.jpg 1024w, https:\/\/beefgeneve.ch\/wp-content\/uploads\/2021\/08\/beef_website_concept_photo_5-768x508.jpg 768w, https:\/\/beefgeneve.ch\/wp-content\/uploads\/2021\/08\/beef_website_concept_photo_5-200x132.jpg 200w\" sizes=\"auto, (max-width: 1058px) 100vw, 1058px\" \/>\t\t\t\t\t\t\t\t\t<\/div>\n\t\t\t<\/div>\n\t\t\t<\/div>\n<\/div>[\/vc_column_inner][vc_column_inner width=&#8221;1\/12&#8243; css=&#8221;.vc_custom_1535382774510{padding-right: 0px !important;}&#8221; offset=&#8221;vc_col-lg-1 vc_hidden-md vc_hidden-sm vc_hidden-xs&#8221;][\/vc_column_inner][\/vc_row_inner][\/vc_column][\/vc_row][vc_row css=&#8221;.vc_custom_1624989694633{padding-top: 100px !important;padding-bottom: 200px !important;}&#8221;][vc_column][vc_row_inner content_placement=&#8221;middle&#8221; row_content_width=&#8221;grid&#8221;][vc_column_inner offset=&#8221;vc_col-lg-6 vc_col-md-12&#8243;]<div class=\"mkdf-section-title-holder  mkdf-st-standard mkdf-st-title-left mkdf-st-normal-space \" style=\"padding:0 0 15% 0;text-align: left\">\n\t<div class=\"mkdf-st-inner\">\n\t\t\t\t\t<h2 class=\"mkdf-st-title\" >\n\t\t\t\tTRANSITION<br \/> AND<br \/> RESPONSABILITY\t\t\t<\/h2>\n\t\t    <span class=\"mkdf-st-line\" style=\"margin: 50px 9% 0 14%; height: 120px; background-color: #000000\"><\/span>\n    <div class=\"mkdf-st-text\" style=\"margin-top: 45px;padding-right: 30px\">\n        BEEF&#8217;s policy is to establish a clear traceability of its products and to reduce &#8211; as much as possible &#8211; the intermediaries in order to focus on the short supply chains for the transport of goods. BEEF&#8217;s philosophy is to be eco-responsible by reducing as much as possible its carbon footprint in certain choices of its exceptional meat imports. \u00a0Our attitude and our eco-responsible is to apply, whenever we can, a local consumption, wise and caring for our planet. BEEF encourages you to eat meat once or twice a week, but when you do, choose only the best!    <\/div>\n\t<\/div>\n<\/div>[\/vc_column_inner][vc_column_inner width=&#8221;7\/12&#8243; css=&#8221;.vc_custom_1535447972496{padding-right: 0px !important;padding-left: 0px !important;}&#8221; offset=&#8221;vc_col-lg-4 vc_col-md-7&#8243;][vc_empty_space height=&#8221;100px&#8221;]<div class=\"mkdf-ib \">\n\t<div class=\"mkdf-ib-content\" style=\"background-color: #f9f5ef;padding: 22%\">\n\t\t\t\t<h5 class=\"mkdf-ib-title\">\n\t\tOUR SELECTION ONLY INCLUDES MEATS FOCUSING ON THE SLOW-FOOD CONCEPT AND BANNING ALL INTENSIVE BREEDING\t    <\/h5>\n\t\t    <\/div>\n<\/div>[\/vc_column_inner][vc_column_inner width=&#8221;5\/12&#8243; css=&#8221;.vc_custom_1633083893729{margin-top: -15px !important;margin-left: -30px !important;padding-top: 0px !important;padding-right: 0px !important;padding-left: 0px !important;}&#8221; offset=&#8221;vc_col-lg-2 vc_col-md-5 vc_hidden-sm vc_hidden-xs&#8221;]<div class=\"mkdf-single-image-holder    \" >\n    <div class=\"mkdf-si-inner\" >\n                                    <img loading=\"lazy\" decoding=\"async\" width=\"203\" height=\"254\" src=\"https:\/\/beefgeneve.ch\/wp-content\/uploads\/2021\/08\/beef_website_concept_photo_6-1.jpeg\" class=\"attachment-full size-full\" alt=\"Noire de Baltique, une viande d&#039;exception dans un restaurant \u00e0 Gen\u00e8ve\" srcset=\"https:\/\/beefgeneve.ch\/wp-content\/uploads\/2021\/08\/beef_website_concept_photo_6-1.jpeg 203w, https:\/\/beefgeneve.ch\/wp-content\/uploads\/2021\/08\/beef_website_concept_photo_6-1-160x200.jpeg 160w\" sizes=\"auto, (max-width: 203px) 100vw, 203px\" \/>                        <\/div>\n<\/div>[\/vc_column_inner][\/vc_row_inner][\/vc_column][\/vc_row]<\/p>\n","protected":false},"excerpt":{"rendered":"<p>[vc_row content_placement=&#8221;top&#8221; enable_parallax_background_elements=&#8221;yes&#8221; right_parallax_background_element=&#8221;762&#8243;][vc_column][vc_row_inner content_placement=&#8221;middle&#8221; row_content_width=&#8221;grid&#8221; css=&#8221;.vc_custom_1535380918653{padding-bottom: 40px !important;}&#8221;][vc_column_inner offset=&#8221;vc_col-lg-6 vc_col-md-12&#8243;][vc_empty_space height=&#8221;100px&#8221;][\/vc_column_inner][vc_column_inner offset=&#8221;vc_col-lg-6 vc_col-md-12&#8243; css=&#8221;.vc_custom_1535446084271{padding-right: 0px !important;padding-left: 0px !important;}&#8221;][\/vc_column_inner][\/vc_row_inner][vc_row_inner row_content_width=&#8221;grid&#8221; css=&#8221;.vc_custom_1534240845257{padding-bottom: 30px !important;}&#8221;][vc_column_inner offset=&#8221;vc_col-lg-offset-1 vc_col-lg-10&#8243; css=&#8221;.vc_custom_1534234226432{padding-right: 0px !important;padding-left: 0px !important;}&#8221;][\/vc_column_inner][\/vc_row_inner][vc_row_inner equal_height=&#8221;yes&#8221; row_content_width=&#8221;grid&#8221; css=&#8221;.vc_custom_1624876177487{margin-bottom: 0px !important;border-bottom-width: 0px !important;padding-bottom: 0px !important;}&#8221;][vc_column_inner width=&#8221;1\/12&#8243; [&hellip;]<\/p>\n","protected":false},"author":1,"featured_media":0,"parent":0,"menu_order":0,"comment_status":"closed","ping_status":"closed","template":"full-width.php","meta":{"footnotes":""},"class_list":["post-4478","page","type-page","status-publish","hentry"],"_links":{"self":[{"href":"https:\/\/beefgeneve.ch\/en\/wp-json\/wp\/v2\/pages\/4478","targetHints":{"allow":["GET"]}}],"collection":[{"href":"https:\/\/beefgeneve.ch\/en\/wp-json\/wp\/v2\/pages"}],"about":[{"href":"https:\/\/beefgeneve.ch\/en\/wp-json\/wp\/v2\/types\/page"}],"author":[{"embeddable":true,"href":"https:\/\/beefgeneve.ch\/en\/wp-json\/wp\/v2\/users\/1"}],"replies":[{"embeddable":true,"href":"https:\/\/beefgeneve.ch\/en\/wp-json\/wp\/v2\/comments?post=4478"}],"version-history":[{"count":2,"href":"https:\/\/beefgeneve.ch\/en\/wp-json\/wp\/v2\/pages\/4478\/revisions"}],"predecessor-version":[{"id":4480,"href":"https:\/\/beefgeneve.ch\/en\/wp-json\/wp\/v2\/pages\/4478\/revisions\/4480"}],"wp:attachment":[{"href":"https:\/\/beefgeneve.ch\/en\/wp-json\/wp\/v2\/media?parent=4478"}],"curies":[{"name":"wp","href":"https:\/\/api.w.org\/{rel}","templated":true}]}}