{"id":4481,"date":"2018-08-03T14:24:14","date_gmt":"2018-08-03T14:24:14","guid":{"rendered":"https:\/\/beefgeneve.ch\/equipe\/"},"modified":"2021-10-15T09:38:39","modified_gmt":"2021-10-15T09:38:39","slug":"equipe","status":"publish","type":"page","link":"https:\/\/beefgeneve.ch\/en\/equipe\/","title":{"rendered":"Team"},"content":{"rendered":"<p>[vc_row content_placement=&#8221;top&#8221; content_text_aligment=&#8221;center&#8221;][vc_column]<div class=\"mkdf-elements-holder   mkdf-two-columns  mkdf-responsive-mode-1024 \" ><div class=\"mkdf-eh-item  mkdf-vertical-alignment-top mkdf-horizontal-alignment-center \"  data-item-class=\"mkdf-eh-custom-3916\" data-1367-1600=\"0 0 0 13%\" data-1025-1366=\"0 0 0 15%\" data-769-1024=\"0 0 0 9%\" data-681-768=\"0 0 0 9%\" data-680=\"0 5% 0 5%\">\n\t<div class=\"mkdf-eh-item-inner\">\n\t\t<div class=\"mkdf-eh-item-content mkdf-eh-custom-3916\" style=\"padding: 0 0 0 38%\">\n\t\t\t<div class=\"mkdf-section-title-holder  mkdf-st-standard mkdf-st-title-left mkdf-st-normal-space \" style=\"padding:0 0 15% 0;text-align: left\">\n\t<div class=\"mkdf-st-inner\">\n\t\t\t\t\t<h2 class=\"mkdf-st-title\" >\n\t\t\t\tCARING<br \/> OF A TEAM\t\t\t<\/h2>\n\t\t    <span class=\"mkdf-st-line\" style=\"margin: 50px 9% 0 14%; height: 120px; background-color: #000000\"><\/span>\n    <div class=\"mkdf-st-text\" style=\"margin-top: 45px;padding-right: 90px\">\n        Willing to make you live an emotional experience, the skills and the expertise of each member of BEEF will carry you to an educational and sensorial sharing which will not leave you unconcerned.<\/p>\n<p>Such as a &#8220;rightous circle&#8221;, our team takes part in this adventure and in the redefinition of friendliness in a restaurant. BEEF leaves no guest insensibile.    <\/div>\n\t<\/div>\n<\/div>[vc_empty_space height=&#8221;50px&#8221;]<div class=\"mkdf-single-image-holder    mkdf-image-center\" >\n    <div class=\"mkdf-si-inner\" >\n                                    <img loading=\"lazy\" decoding=\"async\" width=\"1440\" height=\"1080\" src=\"https:\/\/beefgeneve.ch\/wp-content\/uploads\/2021\/09\/beef_website_produit_photo_team_blackwhite.jpg\" class=\"attachment-full size-full\" alt=\"L&#039;\u00e9quipe vous accueille chez Beef Gen\u00e8ve\" srcset=\"https:\/\/beefgeneve.ch\/wp-content\/uploads\/2021\/09\/beef_website_produit_photo_team_blackwhite.jpg 1440w, https:\/\/beefgeneve.ch\/wp-content\/uploads\/2021\/09\/beef_website_produit_photo_team_blackwhite-300x225.jpg 300w, https:\/\/beefgeneve.ch\/wp-content\/uploads\/2021\/09\/beef_website_produit_photo_team_blackwhite-1024x768.jpg 1024w, https:\/\/beefgeneve.ch\/wp-content\/uploads\/2021\/09\/beef_website_produit_photo_team_blackwhite-768x576.jpg 768w, https:\/\/beefgeneve.ch\/wp-content\/uploads\/2021\/09\/beef_website_produit_photo_team_blackwhite-200x150.jpg 200w\" sizes=\"auto, (max-width: 1440px) 100vw, 1440px\" \/>                        <\/div>\n<\/div>[vc_empty_space height=&#8221;70px&#8221;]\t\t<\/div>\n\t<\/div>\n<\/div><div class=\"mkdf-eh-item  mkdf-vertical-alignment-top  \"  data-item-class=\"mkdf-eh-custom-8305\" data-680=\"20px 20px 20px 20px\">\n\t<div class=\"mkdf-eh-item-inner\">\n\t\t<div class=\"mkdf-eh-item-content mkdf-eh-custom-8305\" style=\"padding: 0 0 0 9%\">\n\t\t\t<div class=\"mkdf-single-image-holder    \" >\n    <div class=\"mkdf-si-inner\" >\n                                    <img loading=\"lazy\" decoding=\"async\" width=\"1100\" height=\"1415\" src=\"https:\/\/beefgeneve.ch\/wp-content\/uploads\/2021\/07\/beef_website_equipe_photo_1.1.jpg\" class=\"attachment-full size-full\" alt=\"L&#039;\u00e9quipe vous accueille chez Beef Gen\u00e8ve\" srcset=\"https:\/\/beefgeneve.ch\/wp-content\/uploads\/2021\/07\/beef_website_equipe_photo_1.1.jpg 1100w, https:\/\/beefgeneve.ch\/wp-content\/uploads\/2021\/07\/beef_website_equipe_photo_1.1-233x300.jpg 233w, https:\/\/beefgeneve.ch\/wp-content\/uploads\/2021\/07\/beef_website_equipe_photo_1.1-796x1024.jpg 796w, https:\/\/beefgeneve.ch\/wp-content\/uploads\/2021\/07\/beef_website_equipe_photo_1.1-768x988.jpg 768w, https:\/\/beefgeneve.ch\/wp-content\/uploads\/2021\/07\/beef_website_equipe_photo_1.1-155x200.jpg 155w\" sizes=\"auto, (max-width: 1100px) 100vw, 1100px\" \/>                        <\/div>\n<\/div>\t\t<\/div>\n\t<\/div>\n<\/div><\/div>[\/vc_column][\/vc_row][vc_row css=&#8221;.vc_custom_1533721367903{padding-top: 100px !important;padding-bottom: 100px !important;}&#8221;][vc_column][vc_row_inner row_content_width=&#8221;grid&#8221; enable_parallax_background_elements=&#8221;yes&#8221; parallax_background_elements_vertical_alignment=&#8221;middle&#8221; enable_parallax_effect=&#8221;no&#8221; left_parallax_background_element=&#8221;721&#8243;][vc_column_inner width=&#8221;1\/12&#8243; offset=&#8221;vc_hidden-md vc_hidden-sm vc_hidden-xs&#8221;][\/vc_column_inner][vc_column_inner offset=&#8221;vc_col-lg-4 vc_col-md-5 vc_col-xs-12&#8243;]<div class=\"mkdf-single-image-holder    \" data-parallax=\"{&quot;y&quot;: 30, &quot;smoothness&quot;: 30}\">\n    <div class=\"mkdf-si-inner\" >\n                                    <img loading=\"lazy\" decoding=\"async\" width=\"800\" height=\"1120\" src=\"https:\/\/beefgeneve.ch\/wp-content\/uploads\/2021\/06\/beef_website_equipe_photo_2.jpg\" class=\"attachment-full size-full\" alt=\"L&#039;\u00e9quipe vous accueille chez Beef Gen\u00e8ve, d\u00e9coration du restaurant\" srcset=\"https:\/\/beefgeneve.ch\/wp-content\/uploads\/2021\/06\/beef_website_equipe_photo_2.jpg 800w, https:\/\/beefgeneve.ch\/wp-content\/uploads\/2021\/06\/beef_website_equipe_photo_2-214x300.jpg 214w, https:\/\/beefgeneve.ch\/wp-content\/uploads\/2021\/06\/beef_website_equipe_photo_2-731x1024.jpg 731w, https:\/\/beefgeneve.ch\/wp-content\/uploads\/2021\/06\/beef_website_equipe_photo_2-768x1075.jpg 768w, https:\/\/beefgeneve.ch\/wp-content\/uploads\/2021\/06\/beef_website_equipe_photo_2-143x200.jpg 143w\" sizes=\"auto, (max-width: 800px) 100vw, 800px\" \/>                        <\/div>\n<\/div>[\/vc_column_inner][vc_column_inner width=&#8221;1\/12&#8243; offset=&#8221;vc_hidden-md vc_hidden-sm vc_hidden-xs&#8221;][\/vc_column_inner][vc_column_inner css=&#8221;.vc_custom_1534512863336{padding-left: 0px !important;}&#8221; offset=&#8221;vc_col-lg-6 vc_col-md-7 vc_col-xs-12&#8243;][vc_empty_space height=&#8221;80px&#8221;]<div class=\"mkdf-section-title-holder  mkdf-st-standard mkdf-st-title-left mkdf-st-normal-space \" style=\"padding:0 0 15% 0;text-align: left\">\n\t<div class=\"mkdf-st-inner\">\n\t\t\t\t\t<h2 class=\"mkdf-st-title\" >\n\t\t\t\tWHY<br \/> DON'T YOU JOIN THE BEEF TEAM?\t\t\t<\/h2>\n\t\t    <span class=\"mkdf-st-line\" style=\"margin: 50px 9% 0 26%; height: 120px; background-color: #000000\"><\/span>\n    <div class=\"mkdf-st-text\" style=\"margin-top: 45px;padding-right: 0\">\n        Give back the taste to this passion\u2026.. The enthusiasm and optimism encourages us to believe in the dreams of this extraordinary profession. If you are considering and wish to join the BEEF team, call us or send us your CV in order to discuss about it.<\/p>\n<p>Email : <a href=\"mailto:contact@beefgeneve.ch\">contact@beefgeneve.ch<\/a>    <\/div>\n\t<\/div>\n<\/div>[\/vc_column_inner][\/vc_row_inner][\/vc_column][\/vc_row][vc_row][vc_column offset=&#8221;vc_hidden-lg&#8221;][vc_empty_space height=&#8221;150px&#8221;][\/vc_column][\/vc_row]<\/p>\n","protected":false},"excerpt":{"rendered":"<p>[vc_row content_placement=&#8221;top&#8221; content_text_aligment=&#8221;center&#8221;][vc_column][\/vc_column][\/vc_row][vc_row css=&#8221;.vc_custom_1533721367903{padding-top: 100px !important;padding-bottom: 100px !important;}&#8221;][vc_column][vc_row_inner row_content_width=&#8221;grid&#8221; enable_parallax_background_elements=&#8221;yes&#8221; parallax_background_elements_vertical_alignment=&#8221;middle&#8221; enable_parallax_effect=&#8221;no&#8221; left_parallax_background_element=&#8221;721&#8243;][vc_column_inner width=&#8221;1\/12&#8243; offset=&#8221;vc_hidden-md vc_hidden-sm vc_hidden-xs&#8221;][\/vc_column_inner][vc_column_inner offset=&#8221;vc_col-lg-4 vc_col-md-5 vc_col-xs-12&#8243;][\/vc_column_inner][vc_column_inner width=&#8221;1\/12&#8243; offset=&#8221;vc_hidden-md vc_hidden-sm vc_hidden-xs&#8221;][\/vc_column_inner][vc_column_inner css=&#8221;.vc_custom_1534512863336{padding-left: 0px !important;}&#8221; offset=&#8221;vc_col-lg-6 vc_col-md-7 vc_col-xs-12&#8243;][vc_empty_space height=&#8221;80px&#8221;][\/vc_column_inner][\/vc_row_inner][\/vc_column][\/vc_row][vc_row][vc_column offset=&#8221;vc_hidden-lg&#8221;][vc_empty_space height=&#8221;150px&#8221;][\/vc_column][\/vc_row]<\/p>\n","protected":false},"author":1,"featured_media":0,"parent":0,"menu_order":0,"comment_status":"closed","ping_status":"closed","template":"full-width.php","meta":{"footnotes":""},"class_list":["post-4481","page","type-page","status-publish","hentry"],"_links":{"self":[{"href":"https:\/\/beefgeneve.ch\/en\/wp-json\/wp\/v2\/pages\/4481","targetHints":{"allow":["GET"]}}],"collection":[{"href":"https:\/\/beefgeneve.ch\/en\/wp-json\/wp\/v2\/pages"}],"about":[{"href":"https:\/\/beefgeneve.ch\/en\/wp-json\/wp\/v2\/types\/page"}],"author":[{"embeddable":true,"href":"https:\/\/beefgeneve.ch\/en\/wp-json\/wp\/v2\/users\/1"}],"replies":[{"embeddable":true,"href":"https:\/\/beefgeneve.ch\/en\/wp-json\/wp\/v2\/comments?post=4481"}],"version-history":[{"count":4,"href":"https:\/\/beefgeneve.ch\/en\/wp-json\/wp\/v2\/pages\/4481\/revisions"}],"predecessor-version":[{"id":4489,"href":"https:\/\/beefgeneve.ch\/en\/wp-json\/wp\/v2\/pages\/4481\/revisions\/4489"}],"wp:attachment":[{"href":"https:\/\/beefgeneve.ch\/en\/wp-json\/wp\/v2\/media?parent=4481"}],"curies":[{"name":"wp","href":"https:\/\/api.w.org\/{rel}","templated":true}]}}