{"id":4490,"date":"2021-10-07T12:53:29","date_gmt":"2021-10-07T12:53:29","guid":{"rendered":"https:\/\/beefgeneve.ch\/carte\/"},"modified":"2021-10-18T10:29:51","modified_gmt":"2021-10-18T10:29:51","slug":"carte","status":"publish","type":"page","link":"https:\/\/beefgeneve.ch\/en\/carte\/","title":{"rendered":"Menu"},"content":{"rendered":"<p>[vc_row full_height=&#8221;yes&#8221; parallax_background_image=&#8221;3843&#8243; parallax_bg_speed=&#8221;0&#8243;][vc_column][vc_row_inner row_content_width=&#8221;grid&#8221;][vc_column_inner offset=&#8221;vc_col-lg-5 vc_col-md-3 vc_hidden-sm vc_hidden-xs&#8221;][\/vc_column_inner][vc_column_inner offset=&#8221;vc_col-lg-7 vc_col-md-9&#8243; css=&#8221;.vc_custom_1534510995016{padding-right: 0px !important;padding-left: 0px !important;}&#8221;]<div class=\"mkdf-elements-holder   mkdf-one-column  mkdf-responsive-mode-768 \" ><div class=\"mkdf-eh-item    \" style=\"background-color: rgba(255,255,255,0.9)\" data-item-class=\"mkdf-eh-custom-4031\" data-680=\"11% 12% 10%\">\n\t<div class=\"mkdf-eh-item-inner\">\n\t\t<div class=\"mkdf-eh-item-content mkdf-eh-custom-4031\" style=\"padding: 11% 9% 0%\">\n\t\t\t<div class=\"mkdf-section-title-holder  mkdf-st-standard mkdf-st-title-left mkdf-st-normal-space \" >\n\t<div class=\"mkdf-st-inner\">\n\t\t\t\t\t<h2 class=\"mkdf-st-title\" >\n\t\t\t\tWELCOME\t\t\t<\/h2>\n\t\t    <span class=\"mkdf-st-line\" style=\"margin: 1px; height: 1px; background-color: #000000\"><\/span>\n    <div class=\"mkdf-st-text\" >\n            <\/div>\n\t<\/div>\n<\/div>[vc_empty_space height=&#8221;65px&#8221;]<div class=\"mkdf-restaurant-menu-list\"><h5 class=\"mkdf-restaurant-menu-list-category\"><span>to-start<\/span><\/h5><ul class=\"mkdf-rml-holder\"><li class=\"mkdf-rml-item clearfix\">\n\t\t<div class=\"mkdf-rml-item-content\">\n\t\t<div class=\"mkdf-rml-top-holder\">\n\t\t\t<div class=\"mkdf-rml-title-holder\">\n\t\t\t\t<span class=\"mkdf-rml-title\">\n\t\t\t\t\tGreen salad\t\t\t\t<\/span>\n\t\t\t<\/div>\n\t\t\t\t\t\t\t<div class=\"mkdf-rml-price-holder\">\n\t\t\t\t\t<span class=\"mkdf-rml-price\">CHF 7<\/span>\n\t\t\t\t<\/div>\n\n\t\t\t\t\t<\/div>\n\t\t<div class=\"mkdf-rml-bottom-holder clearfix\">\n\t\t\t\t\t<\/div>\n\t<\/div>\n\n<\/li><li class=\"mkdf-rml-item clearfix\">\n\t\t<div class=\"mkdf-rml-item-content\">\n\t\t<div class=\"mkdf-rml-top-holder\">\n\t\t\t<div class=\"mkdf-rml-title-holder\">\n\t\t\t\t<span class=\"mkdf-rml-title\">\n\t\t\t\t\tBaked marrow bone\t\t\t\t<\/span>\n\t\t\t<\/div>\n\t\t\t\t\t\t\t<div class=\"mkdf-rml-price-holder\">\n\t\t\t\t\t<span class=\"mkdf-rml-price\">CHF 19<\/span>\n\t\t\t\t<\/div>\n\n\t\t\t\t\t<\/div>\n\t\t<div class=\"mkdf-rml-bottom-holder clearfix\">\n\t\t\t\t\t<\/div>\n\t<\/div>\n\n<\/li><li class=\"mkdf-rml-item clearfix\">\n\t\t<div class=\"mkdf-rml-item-content\">\n\t\t<div class=\"mkdf-rml-top-holder\">\n\t\t\t<div class=\"mkdf-rml-title-holder\">\n\t\t\t\t<span class=\"mkdf-rml-title\">\n\t\t\t\t\tA miso Gyoza (3 pieces)\t\t\t\t<\/span>\n\t\t\t<\/div>\n\t\t\t\t\t\t\t<div class=\"mkdf-rml-price-holder\">\n\t\t\t\t\t<span class=\"mkdf-rml-price\">CHF 20<\/span>\n\t\t\t\t<\/div>\n\n\t\t\t\t\t<\/div>\n\t\t<div class=\"mkdf-rml-bottom-holder clearfix\">\n\t\t\t\t\t<\/div>\n\t<\/div>\n\n<\/li><li class=\"mkdf-rml-item clearfix\">\n\t\t<div class=\"mkdf-rml-item-content\">\n\t\t<div class=\"mkdf-rml-top-holder\">\n\t\t\t<div class=\"mkdf-rml-title-holder\">\n\t\t\t\t<span class=\"mkdf-rml-title\">\n\t\t\t\t\tCroustillant Wagyu, Caviar Monarq\t\t\t\t<\/span>\n\t\t\t<\/div>\n\t\t\t\t\t\t\t<div class=\"mkdf-rml-price-holder\">\n\t\t\t\t\t<span class=\"mkdf-rml-price\">CHF 39<\/span>\n\t\t\t\t<\/div>\n\n\t\t\t\t\t<\/div>\n\t\t<div class=\"mkdf-rml-bottom-holder clearfix\">\n\t\t\t\t\t<\/div>\n\t<\/div>\n\n<\/li><li class=\"mkdf-rml-item clearfix\">\n\t\t<div class=\"mkdf-rml-item-content\">\n\t\t<div class=\"mkdf-rml-top-holder\">\n\t\t\t<div class=\"mkdf-rml-title-holder\">\n\t\t\t\t<span class=\"mkdf-rml-title\">\n\t\t\t\t\tEntrec\u00f4te matur\u00e9e &#038; fum\u00e9e 100gr\t\t\t\t<\/span>\n\t\t\t<\/div>\n\t\t\t\t\t\t\t<div class=\"mkdf-rml-price-holder\">\n\t\t\t\t\t<span class=\"mkdf-rml-price\">CHF 32<\/span>\n\t\t\t\t<\/div>\n\n\t\t\t\t\t<\/div>\n\t\t<div class=\"mkdf-rml-bottom-holder clearfix\">\n\t\t\t\t\t<\/div>\n\t<\/div>\n\n<\/li><\/ul><\/div>[vc_empty_space height=&#8221;5px&#8221;]\t\t<\/div>\n\t<\/div>\n<\/div><\/div><div class=\"mkdf-elements-holder   mkdf-one-column  mkdf-responsive-mode-768 \" ><div class=\"mkdf-eh-item    \" style=\"background-color: rgba(255,255,255,0.9)\" data-item-class=\"mkdf-eh-custom-6753\" data-680=\"10px 8% 8% 8%\">\n\t<div class=\"mkdf-eh-item-inner\">\n\t\t<div class=\"mkdf-eh-item-content mkdf-eh-custom-6753\" style=\"padding: 1% 9% 0\">\n\t\t\t[vc_empty_space height=&#8221;55px&#8221;]<div class=\"mkdf-restaurant-menu-list\"><h5 class=\"mkdf-restaurant-menu-list-category\"><span>exceptional-meats<\/span><\/h5><ul class=\"mkdf-rml-holder\"><li class=\"mkdf-rml-item clearfix\">\n\t\t<div class=\"mkdf-rml-item-content\">\n\t\t<div class=\"mkdf-rml-top-holder\">\n\t\t\t<div class=\"mkdf-rml-title-holder\">\n\t\t\t\t<span class=\"mkdf-rml-title\">\n\t\t\t\t\tBeef tartare &#8211; Swiss Alpine Grassfed 160gr\t\t\t\t<\/span>\n\t\t\t<\/div>\n\t\t\t\t\t\t\t<div class=\"mkdf-rml-price-holder\">\n\t\t\t\t\t<span class=\"mkdf-rml-price\">CHF 37<\/span>\n\t\t\t\t<\/div>\n\n\t\t\t\t\t<\/div>\n\t\t<div class=\"mkdf-rml-bottom-holder clearfix\">\n\t\t\t\t\t<\/div>\n\t<\/div>\n\n<\/li><li class=\"mkdf-rml-item clearfix\">\n\t\t<div class=\"mkdf-rml-item-content\">\n\t\t<div class=\"mkdf-rml-top-holder\">\n\t\t\t<div class=\"mkdf-rml-title-holder\">\n\t\t\t\t<span class=\"mkdf-rml-title\">\n\t\t\t\t\tBeef tenderloin &#8211; Swiss Alpine Grassfed 130gr\t\t\t\t<\/span>\n\t\t\t<\/div>\n\t\t\t\t\t\t\t<div class=\"mkdf-rml-price-holder\">\n\t\t\t\t\t<span class=\"mkdf-rml-price\">CHF 42<\/span>\n\t\t\t\t<\/div>\n\n\t\t\t\t\t<\/div>\n\t\t<div class=\"mkdf-rml-bottom-holder clearfix\">\n\t\t\t\t\t<\/div>\n\t<\/div>\n\n<\/li><li class=\"mkdf-rml-item clearfix\">\n\t\t<div class=\"mkdf-rml-item-content\">\n\t\t<div class=\"mkdf-rml-top-holder\">\n\t\t\t<div class=\"mkdf-rml-title-holder\">\n\t\t\t\t<span class=\"mkdf-rml-title\">\n\t\t\t\t\tRumsteak darling downs-Wagyu Australia Grainfed 200gr\t\t\t\t<\/span>\n\t\t\t<\/div>\n\t\t\t\t\t\t\t<div class=\"mkdf-rml-price-holder\">\n\t\t\t\t\t<span class=\"mkdf-rml-price\">CHF 49<\/span>\n\t\t\t\t<\/div>\n\n\t\t\t\t\t<\/div>\n\t\t<div class=\"mkdf-rml-bottom-holder clearfix\">\n\t\t\t\t\t<\/div>\n\t<\/div>\n\n<\/li><li class=\"mkdf-rml-item clearfix\">\n\t\t<div class=\"mkdf-rml-item-content\">\n\t\t<div class=\"mkdf-rml-top-holder\">\n\t\t\t<div class=\"mkdf-rml-title-holder\">\n\t\t\t\t<span class=\"mkdf-rml-title\">\n\t\t\t\t\tBlack Onyx MSA &#8211; Black Angus Australia Grainfed 220gr\t\t\t\t<\/span>\n\t\t\t<\/div>\n\t\t\t\t\t\t\t<div class=\"mkdf-rml-price-holder\">\n\t\t\t\t\t<span class=\"mkdf-rml-price\">CHF 59<\/span>\n\t\t\t\t<\/div>\n\n\t\t\t\t\t<\/div>\n\t\t<div class=\"mkdf-rml-bottom-holder clearfix\">\n\t\t\t\t\t<\/div>\n\t<\/div>\n\n<\/li><li class=\"mkdf-rml-item clearfix\">\n\t\t<div class=\"mkdf-rml-item-content\">\n\t\t<div class=\"mkdf-rml-top-holder\">\n\t\t\t<div class=\"mkdf-rml-title-holder\">\n\t\t\t\t<span class=\"mkdf-rml-title\">\n\t\t\t\t\tRib steak UMI &#8211; Angus Uruguay Grassfed 300gr\t\t\t\t<\/span>\n\t\t\t<\/div>\n\t\t\t\t\t\t\t<div class=\"mkdf-rml-price-holder\">\n\t\t\t\t\t<span class=\"mkdf-rml-price\">CHF 68<\/span>\n\t\t\t\t<\/div>\n\n\t\t\t\t\t<\/div>\n\t\t<div class=\"mkdf-rml-bottom-holder clearfix\">\n\t\t\t\t\t<\/div>\n\t<\/div>\n\n<\/li><li class=\"mkdf-rml-item clearfix\">\n\t\t<div class=\"mkdf-rml-item-content\">\n\t\t<div class=\"mkdf-rml-top-holder\">\n\t\t\t<div class=\"mkdf-rml-title-holder\">\n\t\t\t\t<span class=\"mkdf-rml-title\">\n\t\t\t\t\tBeef tenderloin Calgary &#8211; Angus Canada Grassfed 200gr\t\t\t\t<\/span>\n\t\t\t<\/div>\n\t\t\t\t\t\t\t<div class=\"mkdf-rml-price-holder\">\n\t\t\t\t\t<span class=\"mkdf-rml-price\">CHF 89<\/span>\n\t\t\t\t<\/div>\n\n\t\t\t\t\t<\/div>\n\t\t<div class=\"mkdf-rml-bottom-holder clearfix\">\n\t\t\t\t\t<\/div>\n\t<\/div>\n\n<\/li><li class=\"mkdf-rml-item clearfix\">\n\t\t<div class=\"mkdf-rml-item-content\">\n\t\t<div class=\"mkdf-rml-top-holder\">\n\t\t\t<div class=\"mkdf-rml-title-holder\">\n\t\t\t\t<span class=\"mkdf-rml-title\">\n\t\t\t\t\tAberdeen angus Scotland Grassfed\t\t\t\t<\/span>\n\t\t\t<\/div>\n\t\t\t\t\t\t\t<div class=\"mkdf-rml-price-holder\">\n\t\t\t\t\t<span class=\"mkdf-rml-price\">prix sur ardoise<\/span>\n\t\t\t\t<\/div>\n\n\t\t\t\t\t<\/div>\n\t\t<div class=\"mkdf-rml-bottom-holder clearfix\">\n\t\t\t\t\t<\/div>\n\t<\/div>\n\n<\/li><\/ul><\/div>[vc_empty_space height=&#8221;25px&#8221;]<div class=\"mkdf-restaurant-menu-list\"><h5 class=\"mkdf-restaurant-menu-list-category\"><span>choice-of-garnish<\/span><\/h5><ul class=\"mkdf-rml-holder\"><li class=\"mkdf-rml-item clearfix\">\n\t\t<div class=\"mkdf-rml-item-content\">\n\t\t<div class=\"mkdf-rml-top-holder\">\n\t\t\t<div class=\"mkdf-rml-title-holder\">\n\t\t\t\t<span class=\"mkdf-rml-title\">\n\t\t\t\t\tOrganic vegetables\t\t\t\t<\/span>\n\t\t\t<\/div>\n\t\t\t\t\t<\/div>\n\t\t<div class=\"mkdf-rml-bottom-holder clearfix\">\n\t\t\t\t\t<\/div>\n\t<\/div>\n\n<\/li><li class=\"mkdf-rml-item clearfix\">\n\t\t<div class=\"mkdf-rml-item-content\">\n\t\t<div class=\"mkdf-rml-top-holder\">\n\t\t\t<div class=\"mkdf-rml-title-holder\">\n\t\t\t\t<span class=\"mkdf-rml-title\">\n\t\t\t\t\tPolenta from Tessin\t\t\t\t<\/span>\n\t\t\t<\/div>\n\t\t\t\t\t<\/div>\n\t\t<div class=\"mkdf-rml-bottom-holder clearfix\">\n\t\t\t\t\t<\/div>\n\t<\/div>\n\n<\/li><li class=\"mkdf-rml-item clearfix\">\n\t\t<div class=\"mkdf-rml-item-content\">\n\t\t<div class=\"mkdf-rml-top-holder\">\n\t\t\t<div class=\"mkdf-rml-title-holder\">\n\t\t\t\t<span class=\"mkdf-rml-title\">\n\t\t\t\t\tMashed patatoes\t\t\t\t<\/span>\n\t\t\t<\/div>\n\t\t\t\t\t<\/div>\n\t\t<div class=\"mkdf-rml-bottom-holder clearfix\">\n\t\t\t\t\t<\/div>\n\t<\/div>\n\n<\/li><li class=\"mkdf-rml-item clearfix\">\n\t\t<div class=\"mkdf-rml-item-content\">\n\t\t<div class=\"mkdf-rml-top-holder\">\n\t\t\t<div class=\"mkdf-rml-title-holder\">\n\t\t\t\t<span class=\"mkdf-rml-title\">\n\t\t\t\t\tAdditional garnish +7 Frs\t\t\t\t<\/span>\n\t\t\t<\/div>\n\t\t\t\t\t<\/div>\n\t\t<div class=\"mkdf-rml-bottom-holder clearfix\">\n\t\t\t\t\t<\/div>\n\t<\/div>\n\n<\/li><\/ul><\/div>[vc_empty_space height=&#8221;5px&#8221;]\t\t<\/div>\n\t<\/div>\n<\/div><\/div><div class=\"mkdf-elements-holder   mkdf-one-column  mkdf-responsive-mode-768 \" ><div class=\"mkdf-eh-item    \" style=\"background-color: rgba(255,255,255,0.9)\" data-item-class=\"mkdf-eh-custom-3889\">\n\t<div class=\"mkdf-eh-item-inner\">\n\t\t<div class=\"mkdf-eh-item-content mkdf-eh-custom-3889\" style=\"padding: 1% 9% 0\">\n\t\t\t[vc_empty_space height=&#8221;55px&#8221;]<div class=\"mkdf-restaurant-menu-list\"><h5 class=\"mkdf-restaurant-menu-list-category\"><span>desserts<\/span><\/h5><ul class=\"mkdf-rml-holder\"><li class=\"mkdf-rml-item clearfix\">\n\t\t<div class=\"mkdf-rml-item-content\">\n\t\t<div class=\"mkdf-rml-top-holder\">\n\t\t\t<div class=\"mkdf-rml-title-holder\">\n\t\t\t\t<span class=\"mkdf-rml-title\">\n\t\t\t\t\tPlate of farmhouse cheeses\t\t\t\t<\/span>\n\t\t\t<\/div>\n\t\t\t\t\t\t\t<div class=\"mkdf-rml-price-holder\">\n\t\t\t\t\t<span class=\"mkdf-rml-price\">CHF 16<\/span>\n\t\t\t\t<\/div>\n\n\t\t\t\t\t<\/div>\n\t\t<div class=\"mkdf-rml-bottom-holder clearfix\">\n\t\t\t\t\t<\/div>\n\t<\/div>\n\n<\/li><li class=\"mkdf-rml-item clearfix\">\n\t\t<div class=\"mkdf-rml-item-content\">\n\t\t<div class=\"mkdf-rml-top-holder\">\n\t\t\t<div class=\"mkdf-rml-title-holder\">\n\t\t\t\t<span class=\"mkdf-rml-title\">\n\t\t\t\t\tCoffee &#8220;gourmand&#8221;\t\t\t\t<\/span>\n\t\t\t<\/div>\n\t\t\t\t\t\t\t<div class=\"mkdf-rml-price-holder\">\n\t\t\t\t\t<span class=\"mkdf-rml-price\">CHF 15<\/span>\n\t\t\t\t<\/div>\n\n\t\t\t\t\t<\/div>\n\t\t<div class=\"mkdf-rml-bottom-holder clearfix\">\n\t\t\t\t\t<\/div>\n\t<\/div>\n\n<\/li><li class=\"mkdf-rml-item clearfix\">\n\t\t<div class=\"mkdf-rml-item-content\">\n\t\t<div class=\"mkdf-rml-top-holder\">\n\t\t\t<div class=\"mkdf-rml-title-holder\">\n\t\t\t\t<span class=\"mkdf-rml-title\">\n\t\t\t\t\tLemon meringue custard\t\t\t\t<\/span>\n\t\t\t<\/div>\n\t\t\t\t\t\t\t<div class=\"mkdf-rml-price-holder\">\n\t\t\t\t\t<span class=\"mkdf-rml-price\">CHF 12<\/span>\n\t\t\t\t<\/div>\n\n\t\t\t\t\t<\/div>\n\t\t<div class=\"mkdf-rml-bottom-holder clearfix\">\n\t\t\t\t\t<\/div>\n\t<\/div>\n\n<\/li><li class=\"mkdf-rml-item clearfix\">\n\t\t<div class=\"mkdf-rml-item-content\">\n\t\t<div class=\"mkdf-rml-top-holder\">\n\t\t\t<div class=\"mkdf-rml-title-holder\">\n\t\t\t\t<span class=\"mkdf-rml-title\">\n\t\t\t\t\tSoft chocolate cake Venezuela Vairhona\t\t\t\t<\/span>\n\t\t\t<\/div>\n\t\t\t\t\t\t\t<div class=\"mkdf-rml-price-holder\">\n\t\t\t\t\t<span class=\"mkdf-rml-price\">CHF 15<\/span>\n\t\t\t\t<\/div>\n\n\t\t\t\t\t<\/div>\n\t\t<div class=\"mkdf-rml-bottom-holder clearfix\">\n\t\t\t\t\t<\/div>\n\t<\/div>\n\n<\/li><li class=\"mkdf-rml-item clearfix\">\n\t\t<div class=\"mkdf-rml-item-content\">\n\t\t<div class=\"mkdf-rml-top-holder\">\n\t\t\t<div class=\"mkdf-rml-title-holder\">\n\t\t\t\t<span class=\"mkdf-rml-title\">\n\t\t\t\t\tArtisanal sorbets &#8220;Ice cream des Alpes&#8221;\t\t\t\t<\/span>\n\t\t\t<\/div>\n\t\t\t\t\t\t\t<div class=\"mkdf-rml-price-holder\">\n\t\t\t\t\t<span class=\"mkdf-rml-price\">CHF 3,5<\/span>\n\t\t\t\t<\/div>\n\n\t\t\t\t\t<\/div>\n\t\t<div class=\"mkdf-rml-bottom-holder clearfix\">\n\t\t\t\t\t<\/div>\n\t<\/div>\n\n<\/li><li class=\"mkdf-rml-item clearfix\">\n\t\t<div class=\"mkdf-rml-item-content\">\n\t\t<div class=\"mkdf-rml-top-holder\">\n\t\t\t<div class=\"mkdf-rml-title-holder\">\n\t\t\t\t<span class=\"mkdf-rml-title\">\n\t\t\t\t\tFloating island pink praline\t\t\t\t<\/span>\n\t\t\t<\/div>\n\t\t\t\t\t\t\t<div class=\"mkdf-rml-price-holder\">\n\t\t\t\t\t<span class=\"mkdf-rml-price\">CHF 14<\/span>\n\t\t\t\t<\/div>\n\n\t\t\t\t\t<\/div>\n\t\t<div class=\"mkdf-rml-bottom-holder clearfix\">\n\t\t\t\t\t<\/div>\n\t<\/div>\n\n<\/li><\/ul><\/div>\t\t<\/div>\n\t<\/div>\n<\/div><\/div>[\/vc_column_inner][\/vc_row_inner][\/vc_column][\/vc_row][vc_row][vc_column][vc_empty_space height=&#8221;152px&#8221;][\/vc_column][\/vc_row]<\/p>\n","protected":false},"excerpt":{"rendered":"<p>[vc_row full_height=&#8221;yes&#8221; parallax_background_image=&#8221;3843&#8243; parallax_bg_speed=&#8221;0&#8243;][vc_column][vc_row_inner row_content_width=&#8221;grid&#8221;][vc_column_inner offset=&#8221;vc_col-lg-5 vc_col-md-3 vc_hidden-sm vc_hidden-xs&#8221;][\/vc_column_inner][vc_column_inner offset=&#8221;vc_col-lg-7 vc_col-md-9&#8243; css=&#8221;.vc_custom_1534510995016{padding-right: 0px !important;padding-left: 0px !important;}&#8221;][\/vc_column_inner][\/vc_row_inner][\/vc_column][\/vc_row][vc_row][vc_column][vc_empty_space height=&#8221;152px&#8221;][\/vc_column][\/vc_row]<\/p>\n","protected":false},"author":1,"featured_media":0,"parent":0,"menu_order":0,"comment_status":"closed","ping_status":"closed","template":"full-width.php","meta":{"footnotes":""},"class_list":["post-4490","page","type-page","status-publish","hentry"],"_links":{"self":[{"href":"https:\/\/beefgeneve.ch\/en\/wp-json\/wp\/v2\/pages\/4490","targetHints":{"allow":["GET"]}}],"collection":[{"href":"https:\/\/beefgeneve.ch\/en\/wp-json\/wp\/v2\/pages"}],"about":[{"href":"https:\/\/beefgeneve.ch\/en\/wp-json\/wp\/v2\/types\/page"}],"author":[{"embeddable":true,"href":"https:\/\/beefgeneve.ch\/en\/wp-json\/wp\/v2\/users\/1"}],"replies":[{"embeddable":true,"href":"https:\/\/beefgeneve.ch\/en\/wp-json\/wp\/v2\/comments?post=4490"}],"version-history":[{"count":6,"href":"https:\/\/beefgeneve.ch\/en\/wp-json\/wp\/v2\/pages\/4490\/revisions"}],"predecessor-version":[{"id":4518,"href":"https:\/\/beefgeneve.ch\/en\/wp-json\/wp\/v2\/pages\/4490\/revisions\/4518"}],"wp:attachment":[{"href":"https:\/\/beefgeneve.ch\/en\/wp-json\/wp\/v2\/media?parent=4490"}],"curies":[{"name":"wp","href":"https:\/\/api.w.org\/{rel}","templated":true}]}}